{"id":13284,"date":"2017-04-27T14:24:09","date_gmt":"2017-04-27T12:24:09","guid":{"rendered":"https:\/\/www.gpsoftware.fr\/actualites-gp-software\/"},"modified":"2024-06-11T16:44:10","modified_gmt":"2024-06-11T14:44:10","slug":"actualites-gp-software","status":"publish","type":"page","link":"https:\/\/www.gpsoftware.fr\/en\/actualites-gp-software\/","title":{"rendered":"News"},"content":{"rendered":"\n\n\n\n[et_pb_section fb_built=&#8221;1&#8243; inner_shadow=&#8221;on&#8221; fullwidth=&#8221;on&#8221; admin_label=&#8221;section&#8221; _builder_version=&#8221;4.19.4&#8243; background_color=&#8221;#f8ac1a&#8221; parallax=&#8221;on&#8221; parallax_method=&#8221;off&#8221; bottom_divider_style=&#8221;arrow2&#8243; hover_enabled=&#8221;0&#8243; global_colors_info=&#8221;{}&#8221; bottom_divider_color=&#8221;#1D2849&#8243; sticky_enabled=&#8221;0&#8243;][et_pb_fullwidth_header title=&#8221;Notre actualit\u00e9 \u00e0 GP Software&#8221; subhead=&#8221;Salons, logiciels, nouvelles r\u00e9f\u00e9rences, partenaires, tout ce qu&#8217;il faut savoir sur l&#8217;univers GP Software.&#8221; text_orientation=&#8221;center&#8221; background_overlay_color=&#8221;rgba(29,40,73,0.77)&#8221; admin_label=&#8221;Fullwidth Header&#8221; _builder_version=&#8221;4.19.4&#8243; background_color=&#8221;rgba(255, 255, 255, 0)&#8221; background_image=&#8221;https:\/\/www.gpsoftware.fr\/wp-content\/uploads\/Ressources_website\/Global\/Headers\/header-USINAGE3-1920&#215;250.jpg&#8221; hover_enabled=&#8221;0&#8243; global_colors_info=&#8221;{}&#8221; button_one_text_size__hover_enabled=&#8221;off&#8221; button_two_text_size__hover_enabled=&#8221;off&#8221; button_one_text_color__hover_enabled=&#8221;off&#8221; button_two_text_color__hover_enabled=&#8221;off&#8221; button_one_border_width__hover_enabled=&#8221;off&#8221; button_two_border_width__hover_enabled=&#8221;off&#8221; button_one_border_color__hover_enabled=&#8221;off&#8221; button_two_border_color__hover_enabled=&#8221;off&#8221; button_one_border_radius__hover_enabled=&#8221;off&#8221; button_two_border_radius__hover_enabled=&#8221;off&#8221; button_one_letter_spacing__hover_enabled=&#8221;off&#8221; button_two_letter_spacing__hover_enabled=&#8221;off&#8221; button_one_bg_color__hover_enabled=&#8221;off&#8221; button_two_bg_color__hover_enabled=&#8221;off&#8221; sticky_enabled=&#8221;0&#8243;][\/et_pb_fullwidth_header][\/et_pb_section][et_pb_section fb_built=&#8221;1&#8243; admin_label=&#8221;section&#8221; _builder_version=&#8221;4.16&#8243; background_color=&#8221;#1d2849&#8243; hover_enabled=&#8221;0&#8243; global_colors_info=&#8221;{}&#8221; sticky_enabled=&#8221;0&#8243;][et_pb_row admin_label=&#8221;row&#8221; _builder_version=&#8221;4.16&#8243; background_size=&#8221;initial&#8221; background_position=&#8221;top_left&#8221; background_repeat=&#8221;repeat&#8221; custom_css_main_element=&#8221;z-index:5;&#8221; global_colors_info=&#8221;{}&#8221;][et_pb_column type=&#8221;4_4&#8243; _builder_version=&#8221;4.16&#8243; custom_padding=&#8221;|||&#8221; global_colors_info=&#8221;{}&#8221; custom_padding__hover=&#8221;|||&#8221;][et_pb_blog fullwidth=&#8221;off&#8221; posts_number=&#8221;18&#8243; excerpt_length=&#8221;275&#8243; show_more=&#8221;on&#8221; masonry_tile_background_color=&#8221;#ffffff&#8221; _builder_version=&#8221;4.16&#8243; border_radii=&#8221;on|10px|10px|10px|10px&#8221; box_shadow_style=&#8221;preset1&#8243; box_shadow_color=&#8221;#000000&#8243; border_style=&#8221;solid&#8221; use_dropshadow=&#8221;off&#8221; global_colors_info=&#8221;{}&#8221;][\/et_pb_blog][\/et_pb_column][\/et_pb_row][\/et_pb_section][et_pb_section fb_built=&#8221;1&#8243; prev_background_color=&#8221;#1d2849&#8243; _builder_version=&#8221;4.16&#8243; top_divider_style=&#8221;arrow3&#8243; top_divider_height=&#8221;50px&#8221; global_colors_info=&#8221;{}&#8221;][et_pb_row _builder_version=&#8221;4.16&#8243; global_colors_info=&#8221;{}&#8221;][et_pb_column type=&#8221;4_4&#8243; _builder_version=&#8221;4.16&#8243; background_position=&#8221;top_left&#8221; custom_padding=&#8221;|||&#8221; global_colors_info=&#8221;{}&#8221; custom_padding__hover=&#8221;|||&#8221;][et_pb_text admin_label=&#8221;ACCUEIL-TITRE-LOGICIEL&#8221; _builder_version=&#8221;4.16&#8243; background_size=&#8221;initial&#8221; background_position=&#8221;top_left&#8221; background_repeat=&#8221;repeat&#8221; text_orientation=&#8221;center&#8221; module_alignment=&#8221;center&#8221; border_style=&#8221;solid&#8221; global_colors_info=&#8221;{}&#8221;]<h1>Pour conna\u00eetre facilement notre actualit\u00e9, rien de tel que les r\u00e9seaux sociaux.<\/h1>\r[\/et_pb_text][et_pb_social_media_follow _builder_version=&#8221;4.16&#8243; custom_css_main_element=&#8221; width:100%;|| text-align:center;|| margin: 0 0 0 0 ;&#8221; custom_css_social_follow=&#8221;float:none; ||display:inline-block;&#8221; link_shape=&#8221;rounded_rectangle&#8221; global_colors_info=&#8221;{}&#8221;][et_pb_social_media_follow_network social_network=&#8221;facebook&#8221; url=&#8221;https:\/\/www.facebook.com\/gpsoftwarefrance\/&#8221; _builder_version=&#8221;4.16&#8243; background_color=&#8221;#1d2849&#8243; bg_color=&#8221;#1d2849&#8243; global_colors_info=&#8221;{}&#8221; follow_button=&#8221;off&#8221; url_new_window=&#8221;on&#8221;] Facebook [\/et_pb_social_media_follow_network][et_pb_social_media_follow_network social_network=&#8221;twitter&#8221; url=&#8221;https:\/\/twitter.com\/GPSoftware&#8221; _builder_version=&#8221;4.16&#8243; background_color=&#8221;#1d2849&#8243; bg_color=&#8221;#1d2849&#8243; global_colors_info=&#8221;{}&#8221; follow_button=&#8221;off&#8221; url_new_window=&#8221;on&#8221;] Twitter [\/et_pb_social_media_follow_network][et_pb_social_media_follow_network social_network=&#8221;linkedin&#8221; url=&#8221;https:\/\/www.linkedin.com\/company\/gp-software&#8221; _builder_version=&#8221;4.16&#8243; background_color=&#8221;#1d2849&#8243; bg_color=&#8221;#1d2849&#8243; global_colors_info=&#8221;{}&#8221; follow_button=&#8221;off&#8221; url_new_window=&#8221;on&#8221;] LinkedIn [\/et_pb_social_media_follow_network][et_pb_social_media_follow_network social_network=&#8221;youtube&#8221; url=&#8221;https:\/\/www.youtube.com\/user\/GPSoftwareSociety&#8221; _builder_version=&#8221;4.16&#8243; background_color=&#8221;#1d2849&#8243; bg_color=&#8221;#1d2849&#8243; global_colors_info=&#8221;{}&#8221; follow_button=&#8221;off&#8221; url_new_window=&#8221;on&#8221;] Youtube [\/et_pb_social_media_follow_network][\/et_pb_social_media_follow][\/et_pb_column][\/et_pb_row][\/et_pb_section]\n\n\n\n","protected":false},"excerpt":{"rendered":"<p>Pour conna\u00eetre facilement notre actualit\u00e9, rien de tel que les r\u00e9seaux sociaux.<\/p>\n","protected":false},"author":1,"featured_media":0,"parent":0,"menu_order":0,"comment_status":"closed","ping_status":"closed","template":"","meta":{"_et_pb_use_builder":"on","_et_pb_old_content":"","_et_gb_content_width":"","footnotes":""},"class_list":["post-13284","page","type-page","status-publish","hentry"],"yoast_head":"<!-- This site is optimized with the Yoast SEO Premium plugin v21.7 (Yoast SEO v21.7) - https:\/\/yoast.com\/wordpress\/plugins\/seo\/ -->\n<title>GP Software News - All you need to know about the world of GP Software<\/title>\n<meta name=\"description\" content=\"Keep up to date with all the latest GP Software news. Stay informed with GP Software.\" \/>\n<meta name=\"robots\" content=\"index, follow, max-snippet:-1, max-image-preview:large, max-video-preview:-1\" \/>\n<link rel=\"canonical\" href=\"https:\/\/www.gpsoftware.fr\/en\/actualites-gp-software\/\" \/>\n<meta property=\"og:locale\" content=\"en_US\" \/>\n<meta property=\"og:type\" content=\"article\" \/>\n<meta property=\"og:title\" content=\"News\" \/>\n<meta property=\"og:description\" content=\"Keep up to date with all the latest GP Software news. Stay informed with GP Software.\" \/>\n<meta property=\"og:url\" content=\"https:\/\/www.gpsoftware.fr\/en\/actualites-gp-software\/\" \/>\n<meta property=\"og:site_name\" content=\"GP Software\" \/>\n<meta property=\"article:publisher\" content=\"https:\/\/www.facebook.com\/gpsoftwarefrance\/\" \/>\n<meta property=\"article:modified_time\" content=\"2024-06-11T14:44:10+00:00\" \/>\n<meta name=\"twitter:card\" content=\"summary_large_image\" \/>\n<meta name=\"twitter:site\" content=\"@GPSoftware\" \/>\n<meta name=\"twitter:label1\" content=\"Est. reading time\" \/>\n\t<meta name=\"twitter:data1\" content=\"1 minute\" \/>\n<script type=\"application\/ld+json\" class=\"yoast-schema-graph\">{\"@context\":\"https:\/\/schema.org\",\"@graph\":[{\"@type\":\"WebPage\",\"@id\":\"https:\/\/www.gpsoftware.fr\/en\/actualites-gp-software\/\",\"url\":\"https:\/\/www.gpsoftware.fr\/en\/actualites-gp-software\/\",\"name\":\"GP Software News - All you need to know about the world of GP Software\",\"isPartOf\":{\"@id\":\"https:\/\/www.gpsoftware.fr\/#website\"},\"datePublished\":\"2017-04-27T12:24:09+00:00\",\"dateModified\":\"2024-06-11T14:44:10+00:00\",\"description\":\"Keep up to date with all the latest GP Software news. Stay informed with GP Software.\",\"breadcrumb\":{\"@id\":\"https:\/\/www.gpsoftware.fr\/en\/actualites-gp-software\/#breadcrumb\"},\"inLanguage\":\"en-US\",\"potentialAction\":[{\"@type\":\"ReadAction\",\"target\":[\"https:\/\/www.gpsoftware.fr\/en\/actualites-gp-software\/\"]}]},{\"@type\":\"BreadcrumbList\",\"@id\":\"https:\/\/www.gpsoftware.fr\/en\/actualites-gp-software\/#breadcrumb\",\"itemListElement\":[{\"@type\":\"ListItem\",\"position\":1,\"name\":\"Accueil\",\"item\":\"https:\/\/www.gpsoftware.fr\/en\/?page_id=15380\"},{\"@type\":\"ListItem\",\"position\":2,\"name\":\"News\"}]},{\"@type\":\"WebSite\",\"@id\":\"https:\/\/www.gpsoftware.fr\/#website\",\"url\":\"https:\/\/www.gpsoftware.fr\/\",\"name\":\"GP Software\",\"description\":\"Vous allez aimer usiner\",\"publisher\":{\"@id\":\"https:\/\/www.gpsoftware.fr\/#organization\"},\"potentialAction\":[{\"@type\":\"SearchAction\",\"target\":{\"@type\":\"EntryPoint\",\"urlTemplate\":\"https:\/\/www.gpsoftware.fr\/?s={search_term_string}\"},\"query-input\":\"required name=search_term_string\"}],\"inLanguage\":\"en-US\"},{\"@type\":\"Organization\",\"@id\":\"https:\/\/www.gpsoftware.fr\/#organization\",\"name\":\"GP Software\",\"url\":\"https:\/\/www.gpsoftware.fr\/\",\"logo\":{\"@type\":\"ImageObject\",\"inLanguage\":\"en-US\",\"@id\":\"https:\/\/www.gpsoftware.fr\/#\/schema\/logo\/image\/\",\"url\":\"https:\/\/www.gpsoftware.fr\/wp-content\/uploads\/Ressources_website\/Global\/logo-GPS.png\",\"contentUrl\":\"https:\/\/www.gpsoftware.fr\/wp-content\/uploads\/Ressources_website\/Global\/logo-GPS.png\",\"width\":300,\"height\":60,\"caption\":\"GP Software\"},\"image\":{\"@id\":\"https:\/\/www.gpsoftware.fr\/#\/schema\/logo\/image\/\"},\"sameAs\":[\"https:\/\/www.facebook.com\/gpsoftwarefrance\/\",\"https:\/\/twitter.com\/GPSoftware\",\"https:\/\/fr.linkedin.com\/company\/gp-software\",\"https:\/\/www.youtube.com\/user\/GPSoftwareSociety\"]}]}<\/script>\n<!-- \/ Yoast SEO Premium plugin. -->","yoast_head_json":{"title":"GP Software News - All you need to know about the world of GP Software","description":"Keep up to date with all the latest GP Software news. Stay informed with GP Software.","robots":{"index":"index","follow":"follow","max-snippet":"max-snippet:-1","max-image-preview":"max-image-preview:large","max-video-preview":"max-video-preview:-1"},"canonical":"https:\/\/www.gpsoftware.fr\/en\/actualites-gp-software\/","og_locale":"en_US","og_type":"article","og_title":"News","og_description":"Keep up to date with all the latest GP Software news. Stay informed with GP Software.","og_url":"https:\/\/www.gpsoftware.fr\/en\/actualites-gp-software\/","og_site_name":"GP Software","article_publisher":"https:\/\/www.facebook.com\/gpsoftwarefrance\/","article_modified_time":"2024-06-11T14:44:10+00:00","twitter_card":"summary_large_image","twitter_site":"@GPSoftware","twitter_misc":{"Est. reading time":"1 minute"},"schema":{"@context":"https:\/\/schema.org","@graph":[{"@type":"WebPage","@id":"https:\/\/www.gpsoftware.fr\/en\/actualites-gp-software\/","url":"https:\/\/www.gpsoftware.fr\/en\/actualites-gp-software\/","name":"GP Software News - All you need to know about the world of GP Software","isPartOf":{"@id":"https:\/\/www.gpsoftware.fr\/#website"},"datePublished":"2017-04-27T12:24:09+00:00","dateModified":"2024-06-11T14:44:10+00:00","description":"Keep up to date with all the latest GP Software news. Stay informed with GP Software.","breadcrumb":{"@id":"https:\/\/www.gpsoftware.fr\/en\/actualites-gp-software\/#breadcrumb"},"inLanguage":"en-US","potentialAction":[{"@type":"ReadAction","target":["https:\/\/www.gpsoftware.fr\/en\/actualites-gp-software\/"]}]},{"@type":"BreadcrumbList","@id":"https:\/\/www.gpsoftware.fr\/en\/actualites-gp-software\/#breadcrumb","itemListElement":[{"@type":"ListItem","position":1,"name":"Accueil","item":"https:\/\/www.gpsoftware.fr\/en\/?page_id=15380"},{"@type":"ListItem","position":2,"name":"News"}]},{"@type":"WebSite","@id":"https:\/\/www.gpsoftware.fr\/#website","url":"https:\/\/www.gpsoftware.fr\/","name":"GP Software","description":"Vous allez aimer usiner","publisher":{"@id":"https:\/\/www.gpsoftware.fr\/#organization"},"potentialAction":[{"@type":"SearchAction","target":{"@type":"EntryPoint","urlTemplate":"https:\/\/www.gpsoftware.fr\/?s={search_term_string}"},"query-input":"required name=search_term_string"}],"inLanguage":"en-US"},{"@type":"Organization","@id":"https:\/\/www.gpsoftware.fr\/#organization","name":"GP Software","url":"https:\/\/www.gpsoftware.fr\/","logo":{"@type":"ImageObject","inLanguage":"en-US","@id":"https:\/\/www.gpsoftware.fr\/#\/schema\/logo\/image\/","url":"https:\/\/www.gpsoftware.fr\/wp-content\/uploads\/Ressources_website\/Global\/logo-GPS.png","contentUrl":"https:\/\/www.gpsoftware.fr\/wp-content\/uploads\/Ressources_website\/Global\/logo-GPS.png","width":300,"height":60,"caption":"GP Software"},"image":{"@id":"https:\/\/www.gpsoftware.fr\/#\/schema\/logo\/image\/"},"sameAs":["https:\/\/www.facebook.com\/gpsoftwarefrance\/","https:\/\/twitter.com\/GPSoftware","https:\/\/fr.linkedin.com\/company\/gp-software","https:\/\/www.youtube.com\/user\/GPSoftwareSociety"]}]}},"_links":{"self":[{"href":"https:\/\/www.gpsoftware.fr\/en\/wp-json\/wp\/v2\/pages\/13284","targetHints":{"allow":["GET"]}}],"collection":[{"href":"https:\/\/www.gpsoftware.fr\/en\/wp-json\/wp\/v2\/pages"}],"about":[{"href":"https:\/\/www.gpsoftware.fr\/en\/wp-json\/wp\/v2\/types\/page"}],"author":[{"embeddable":true,"href":"https:\/\/www.gpsoftware.fr\/en\/wp-json\/wp\/v2\/users\/1"}],"replies":[{"embeddable":true,"href":"https:\/\/www.gpsoftware.fr\/en\/wp-json\/wp\/v2\/comments?post=13284"}],"version-history":[{"count":0,"href":"https:\/\/www.gpsoftware.fr\/en\/wp-json\/wp\/v2\/pages\/13284\/revisions"}],"wp:attachment":[{"href":"https:\/\/www.gpsoftware.fr\/en\/wp-json\/wp\/v2\/media?parent=13284"}],"curies":[{"name":"wp","href":"https:\/\/api.w.org\/{rel}","templated":true}]}}