{"id":13232,"date":"2021-07-19T11:36:21","date_gmt":"2021-07-19T09:36:21","guid":{"rendered":"https:\/\/www.gpsoftware.fr\/zw3d-cao-bases-programme\/"},"modified":"2026-02-10T12:32:19","modified_gmt":"2026-02-10T11:32:19","slug":"zw3d-cao-bases-programme","status":"publish","type":"page","link":"https:\/\/www.gpsoftware.fr\/en\/zw3d-cao-bases-programme\/","title":{"rendered":"ZW3D CAO BASES Programme"},"content":{"rendered":"<p>[et_pb_section fb_built=&#8221;1&#8243; _builder_version=&#8221;4.16&#8243; _module_preset=&#8221;default&#8221; global_colors_info=&#8221;{}&#8221;][et_pb_row _builder_version=&#8221;4.16&#8243; _module_preset=&#8221;default&#8221; global_colors_info=&#8221;{}&#8221;][et_pb_column type=&#8221;4_4&#8243; _builder_version=&#8221;4.16&#8243; _module_preset=&#8221;default&#8221; global_colors_info=&#8221;{}&#8221;][et_pb_text _builder_version=&#8221;4.16&#8243; _module_preset=&#8221;default&#8221; global_colors_info=&#8221;{}&#8221;]<\/p>\n<h1 style=\"text-align: center;\">Programme formation<\/h1>\n<h1 style=\"text-align: center;\">ZW3D CAO BASES<\/h1>\n<p>[\/et_pb_text][\/et_pb_column][\/et_pb_row][et_pb_row column_structure=&#8221;1_2,1_2&#8243; _builder_version=&#8221;4.16&#8243; _module_preset=&#8221;default&#8221; global_colors_info=&#8221;{}&#8221;][et_pb_column type=&#8221;1_2&#8243; _builder_version=&#8221;4.16&#8243; _module_preset=&#8221;default&#8221; global_colors_info=&#8221;{}&#8221;][et_pb_image src=&#8221;https:\/\/www.gpsoftware.fr\/wp-content\/uploads\/2026\/02\/ICONE-ZW3D.png&#8221; title_text=&#8221;ICONE-ZW3D&#8221; _builder_version=&#8221;4.27.5&#8243; _module_preset=&#8221;default&#8221; hover_enabled=&#8221;0&#8243; global_colors_info=&#8221;{}&#8221; sticky_enabled=&#8221;0&#8243; width=&#8221;50%&#8221;][\/et_pb_image][et_pb_text _builder_version=&#8221;4.27.5&#8243; _module_preset=&#8221;default&#8221; custom_padding=&#8221;39px|||||&#8221; global_colors_info=&#8221;{}&#8221;]<\/p>\n<h2>Dur\u00e9e : 3 jours<\/h2>\n<h2>24h00 \u00a0en pr\u00e9sentiel<\/h2>\n<h4><strong>V3 &#8211; 05\/2024<\/strong><\/h4>\n<p>&nbsp;<\/p>\n<p>&nbsp;<\/p>\n<p>[\/et_pb_text][et_pb_image src=&#8221;https:\/\/www.gpsoftware.fr\/wp-content\/uploads\/Ressources_website\/Pages\/ZW3D\/CAO_ZW3D.jpg&#8221; alt=&#8221;un seul logiciel&#8221; title_text=&#8221;CAO_ZW3D&#8221; _builder_version=&#8221;4.16&#8243; _module_preset=&#8221;default&#8221; custom_margin=&#8221;-16px|||||&#8221; global_colors_info=&#8221;{}&#8221;][\/et_pb_image][et_pb_text _builder_version=&#8221;4.27.5&#8243; _module_preset=&#8221;default&#8221; global_module=&#8221;16153&#8243; global_colors_info=&#8221;{}&#8221;]<\/p>\n<p>ACCESSIBILIT\u00c9<\/p>\n<p>Vous pensez avoir un besoin sp\u00e9cifique ? Une \u00e9tude de chaque situation est effectu\u00e9e par notre r\u00e9f\u00e9rent handicap pour mettre en place des solutions adapt\u00e9es. <br \/>(Consulter le <a href=\"https:\/\/www.gpsoftware.fr\/wp-content\/uploads\/2026\/02\/LIVRET-ACCUEIL-GPS2026-02-26-1.pdf\">livret d\u2019accueil<\/a>).<\/p>\n<p>[\/et_pb_text][\/et_pb_column][et_pb_column type=&#8221;1_2&#8243; _builder_version=&#8221;4.16&#8243; _module_preset=&#8221;default&#8221; global_colors_info=&#8221;{}&#8221;][et_pb_accordion module_class=&#8221;close&#8221; _builder_version=&#8221;4.27.5&#8243; _module_preset=&#8221;default&#8221; global_colors_info=&#8221;{}&#8221;][et_pb_accordion_item title=&#8221;JOURNEE 1 :  Prendre en main l\u2019IHM et cr\u00e9er une esquisse &#8221; open_toggle_text_color=&#8221;#000000&#8243; icon_color=&#8221;#f8ac1a&#8221; _builder_version=&#8221;4.27.5&#8243; _module_preset=&#8221;default&#8221; global_colors_info=&#8221;{}&#8221; toggle_text_color=&#8221;#000000&#8243; open=&#8221;on&#8221;]<\/p>\n<p>\u2022 Pr\u00e9sentation de l&#8217;espace de travail<br \/>\u2022 Barre des menus, barre d\u2019outils, outils d\u2019affichage, outils de s\u00e9lection<br \/>\u2022 Arbre de cr\u00e9ation<br \/>\u2022 Prise en main du logiciel et utilisation des commandes de base<br \/>\u2022 Les outils de manipulation graphique : Zoom \/ Rotation \/ Panoramique<br \/>\u2022 Les s\u00e9lections, les aides, les raccourcis<br \/>\u2022 Introduction \u00e0 la mod\u00e9lisation <br \/>\u2022 Pr\u00e9sentation des outils d\u2019esquisse (ligne, polyligne, arcs, rectangles, etc.)<br \/>\u2022 Lignes de construction \/ Outils d\u2019ajustement.<br \/>\u2022 R\u00e8gles applicables aux esquisses<br \/>\u2022 Contrainte dimensionnelle \/ g\u00e9om\u00e9trique<br \/>\u2022 Outils de contr\u00f4le des contraintes et des profils ferm\u00e9s<br \/>\u2022 Analyse des diff\u00e9rents \u00e9tats d\u2019une esquisse<br \/>\u2022 Edition d\u2019une esquisse, red\u00e9finition du plan d\u2019esquisse.<br \/>\u2022 Exercices d\u2019applications<\/p>\n<p>[\/et_pb_accordion_item][et_pb_accordion_item title=&#8221;JOURNEE 2 : Mod\u00e9liser une pi\u00e8ce avec les primitives de base et les esquisses&#8221; open_toggle_text_color=&#8221;#000000&#8243; icon_color=&#8221;#f8ac1a&#8221; _builder_version=&#8221;4.27.5&#8243; _module_preset=&#8221;default&#8221; global_colors_info=&#8221;{}&#8221; toggle_text_color=&#8221;#000000&#8243; open=&#8221;off&#8221;]<\/p>\n<p>\u2022 Cr\u00e9ation d\u2019un objet 3D \u00e0 partir d\u2019une esquisse 2D en utilisant les fonctions volumiques de base. (Extrusion\/r\u00e9volution)<br \/>\u2022 Cr\u00e9ation de cylindres, de sph\u00e8res, de volumes \u00e9l\u00e9mentaires<br \/>\u2022 Cr\u00e9ation de cong\u00e9s\/chanfreins\/per\u00e7ages<br \/>\u2022 Fonction enl\u00e8vement de mati\u00e8re<br \/>\u2022 Les fonctions de r\u00e9p\u00e9titions \/ sym\u00e9tries.<br \/>\u2022 M\u00e9thodologie de mod\u00e9lisation en fonction de la pi\u00e8ce \u00e0 mod\u00e9liser.<br \/>\u2022 Compr\u00e9hension de l\u2019arborescence de construction<br \/>\u2022 Exercices d\u2019applications<\/p>\n<p>[\/et_pb_accordion_item][et_pb_accordion_item title=&#8221;JOURNEE 3 : Assembler un ensemble de pi\u00e8ces et cr\u00e9er une mise en plan d\u2019ensemble et de d\u00e9tail&#8221; open_toggle_text_color=&#8221;#000000&#8243; icon_color=&#8221;#f8ac1a&#8221; _builder_version=&#8221;4.27.5&#8243; _module_preset=&#8221;default&#8221; global_colors_info=&#8221;{}&#8221; toggle_text_color=&#8221;#000000&#8243; open=&#8221;off&#8221;]<\/p>\n<ul>\n<li data-pm-slice=\"0 0 []\">Notion d\u2019assemblage<\/li>\n<li>Cr\u00e9ation d\u2019un assemblage de pi\u00e8ces (composants internes \/ externes)<\/li>\n<li>Contraintes de positionnement de pi\u00e8ces dans un assemblage<\/li>\n<li>Notions de composant<\/li>\n<li>Outils d\u2019analyse des contraintes et interf\u00e9rences.<\/li>\n<li>Exercices d\u2019applications<\/li>\n<\/ul>\n<p>&nbsp;<\/p>\n<ul>\n<li>Insertion de vues standards<\/li>\n<li>Insertion de vues projet\u00e9es, en coupe, de d\u00e9tail, \u2026<\/li>\n<li>Ajout de cotation<\/li>\n<li>Habillage de cotes (tol\u00e9rance, pr\u00e9fixe, \u2026)<\/li>\n<li>Impression de plans<\/li>\n<li>Associativit\u00e9 entre le mod\u00e8le 3D et la mise en plan.<\/li>\n<li>Fond de plans \/ mod\u00e8le de document.<\/li>\n<li>Exercices d\u2019applications<\/li>\n<\/ul>\n<p>[\/et_pb_accordion_item][et_pb_accordion_item title=&#8221;Objectif op\u00e9rationnel&#8221; open_toggle_text_color=&#8221;#000000&#8243; icon_color=&#8221;#f8ac1a&#8221; _builder_version=&#8221;4.27.5&#8243; _module_preset=&#8221;default&#8221; global_colors_info=&#8221;{}&#8221; toggle_text_color=&#8221;#000000&#8243; open=&#8221;off&#8221;]<\/p>\n<p>Prendre en main l\u2019IHM et cr\u00e9er une esquisse<\/p>\n<p>Mod\u00e9liser une pi\u00e8ce \u00e0 partir des primitives de base et les esquisses<\/p>\n<p>Assembler un ensemble de pi\u00e8ces et cr\u00e9er une mise en plan d\u2019ensemble et de d\u00e9tail<\/p>\n<p>[\/et_pb_accordion_item][et_pb_accordion_item title=&#8221;Objectif P\u00e9dagogique&#8221; open_toggle_text_color=&#8221;#000000&#8243; icon_color=&#8221;#f8ac1a&#8221; _builder_version=&#8221;4.27.5&#8243; _module_preset=&#8221;default&#8221; global_colors_info=&#8221;{}&#8221; toggle_text_color=&#8221;#000000&#8243; open=&#8221;off&#8221;]<\/p>\n<p>Concevoir et pr\u00e9senter des pi\u00e8ces et assemblages 3D param\u00e9triques et les plans 2D associ\u00e9s.<\/p>\n<p>[\/et_pb_accordion_item][et_pb_accordion_item title=&#8221;Pr\u00e9requis&#8221; open_toggle_text_color=&#8221;#000000&#8243; icon_color=&#8221;#f8ac1a&#8221; _builder_version=&#8221;4.27.5&#8243; _module_preset=&#8221;default&#8221; global_colors_info=&#8221;{}&#8221; toggle_text_color=&#8221;#000000&#8243; open=&#8221;off&#8221;]<\/p>\n<p>Occuper un poste n\u00e9cessitant l\u2019utilisation d\u2019un logiciel CAO : Bureau d\u2019\u00e9tudes, m\u00e9thodes, production.<\/p>\n<p>[\/et_pb_accordion_item][et_pb_accordion_item title=&#8221; Mode d\u2019\u00e9valuation&#8221; open_toggle_text_color=&#8221;#000000&#8243; icon_color=&#8221;#f8ac1a&#8221; _builder_version=&#8221;4.27.5&#8243; _module_preset=&#8221;default&#8221; global_colors_info=&#8221;{}&#8221; toggle_text_color=&#8221;#000000&#8243; open=&#8221;off&#8221;]<\/p>\n<p>Questionnaire de position d\u2019entr\u00e9e en formation<\/p>\n<p>QCM en fin de journ\u00e9e<\/p>\n<p>Questionnaire de satisfaction en fin de formation<\/p>\n<p>Certificat de r\u00e9alisation fournit \u00e0 l\u2019issue de la formation<\/p>\n<p>[\/et_pb_accordion_item][et_pb_accordion_item title=&#8221;Pr\u00e9requis&#8221; open_toggle_text_color=&#8221;#000000&#8243; icon_color=&#8221;#f8ac1a&#8221; _builder_version=&#8221;4.27.5&#8243; _module_preset=&#8221;default&#8221; global_colors_info=&#8221;{}&#8221; toggle_text_color=&#8221;#000000&#8243; open=&#8221;off&#8221;]<\/p>\n<p>Occuper un poste n\u00e9cessitant l\u2019utilisation d\u2019un logiciel CAO : Bureau d\u2019\u00e9tudes, m\u00e9thodes, production.<\/p>\n<p>[\/et_pb_accordion_item][et_pb_accordion_item title=&#8221;P\u00e9dagogie&#8221; open_toggle_text_color=&#8221;#000000&#8243; icon_color=&#8221;#f8ac1a&#8221; _builder_version=&#8221;4.27.5&#8243; _module_preset=&#8221;default&#8221; global_colors_info=&#8221;{}&#8221; toggle_text_color=&#8221;#000000&#8243; open=&#8221;off&#8221;]<\/p>\n<p>La formation se d\u00e9roule autour de cours th\u00e9orique et d\u2019exercices d\u2019application, aid\u00e9 des supports de cours.<\/p>\n<p>[\/et_pb_accordion_item][\/et_pb_accordion][\/et_pb_column][\/et_pb_row][et_pb_row _builder_version=&#8221;4.16&#8243; _module_preset=&#8221;default&#8221; global_colors_info=&#8221;{}&#8221;][et_pb_column type=&#8221;4_4&#8243; _builder_version=&#8221;4.16&#8243; _module_preset=&#8221;default&#8221; global_colors_info=&#8221;{}&#8221;][et_pb_button button_url=&#8221;https:\/\/www.gpsoftware.fr\/contact&#8221; url_new_window=&#8221;on&#8221; button_text=&#8221;Faire une demande de formation&#8221; button_alignment=&#8221;center&#8221; _builder_version=&#8221;4.16&#8243; _module_preset=&#8221;default&#8221; custom_button=&#8221;on&#8221; button_text_size=&#8221;33px&#8221; button_border_width=&#8221;3px&#8221; button_border_radius=&#8221;50px&#8221; button_letter_spacing=&#8221;7px&#8221; custom_margin=&#8221;||||false|false&#8221; custom_padding=&#8221;||||false|false&#8221; animation_style=&#8221;bounce&#8221; global_colors_info=&#8221;{}&#8221;][\/et_pb_button][\/et_pb_column][\/et_pb_row][\/et_pb_section]<\/p>\n","protected":false},"excerpt":{"rendered":"<p>Programme formation ZW3D CAO BASESDur\u00e9e : 3 jours 24h00 \u00a0en pr\u00e9sentiel V3 &#8211; 05\/2024 &nbsp; &nbsp;ACCESSIBILIT\u00c9 Vous pensez avoir un besoin sp\u00e9cifique ? Une \u00e9tude de chaque situation est effectu\u00e9e par notre r\u00e9f\u00e9rent handicap pour mettre en place des solutions adapt\u00e9es. (Consulter le livret d\u2019accueil). \u2022 Pr\u00e9sentation de l&#8217;espace de travail\u2022 Barre des menus, barre [&hellip;]<\/p>\n","protected":false},"author":1,"featured_media":0,"parent":0,"menu_order":0,"comment_status":"closed","ping_status":"closed","template":"","meta":{"_et_pb_use_builder":"on","_et_pb_old_content":"","_et_gb_content_width":"","footnotes":""},"class_list":["post-13232","page","type-page","status-publish","hentry"],"yoast_head":"<!-- This site is optimized with the Yoast SEO Premium plugin v21.7 (Yoast SEO v21.7) - https:\/\/yoast.com\/wordpress\/plugins\/seo\/ -->\n<title>ZW3D CAO BASES Programme - GP Software<\/title>\n<meta name=\"robots\" content=\"index, follow, max-snippet:-1, max-image-preview:large, max-video-preview:-1\" \/>\n<link rel=\"canonical\" href=\"https:\/\/www.gpsoftware.fr\/en\/zw3d-cao-bases-programme\/\" \/>\n<meta property=\"og:locale\" content=\"en_US\" \/>\n<meta property=\"og:type\" content=\"article\" \/>\n<meta property=\"og:title\" content=\"ZW3D CAO BASES Programme\" \/>\n<meta property=\"og:description\" content=\"Programme formation ZW3D CAO BASESDur\u00e9e : 3 jours 24h00 \u00a0en pr\u00e9sentiel V3 - 05\/2024 &nbsp; &nbsp;ACCESSIBILIT\u00c9 Vous pensez avoir un besoin sp\u00e9cifique ? Une \u00e9tude de chaque situation est effectu\u00e9e par notre r\u00e9f\u00e9rent handicap pour mettre en place des solutions adapt\u00e9es. (Consulter le livret d\u2019accueil). \u2022 Pr\u00e9sentation de l&#039;espace de travail\u2022 Barre des menus, barre [&hellip;]\" \/>\n<meta property=\"og:url\" content=\"https:\/\/www.gpsoftware.fr\/en\/zw3d-cao-bases-programme\/\" \/>\n<meta property=\"og:site_name\" content=\"GP Software\" \/>\n<meta property=\"article:publisher\" content=\"https:\/\/www.facebook.com\/gpsoftwarefrance\/\" \/>\n<meta property=\"article:modified_time\" content=\"2026-02-10T11:32:19+00:00\" \/>\n<meta name=\"twitter:card\" content=\"summary_large_image\" \/>\n<meta name=\"twitter:site\" content=\"@GPSoftware\" \/>\n<meta name=\"twitter:label1\" content=\"Est. reading time\" \/>\n\t<meta name=\"twitter:data1\" content=\"6 minutes\" \/>\n<script type=\"application\/ld+json\" class=\"yoast-schema-graph\">{\"@context\":\"https:\/\/schema.org\",\"@graph\":[{\"@type\":\"WebPage\",\"@id\":\"https:\/\/www.gpsoftware.fr\/en\/zw3d-cao-bases-programme\/\",\"url\":\"https:\/\/www.gpsoftware.fr\/en\/zw3d-cao-bases-programme\/\",\"name\":\"ZW3D CAO BASES Programme - GP Software\",\"isPartOf\":{\"@id\":\"https:\/\/www.gpsoftware.fr\/#website\"},\"datePublished\":\"2021-07-19T09:36:21+00:00\",\"dateModified\":\"2026-02-10T11:32:19+00:00\",\"breadcrumb\":{\"@id\":\"https:\/\/www.gpsoftware.fr\/en\/zw3d-cao-bases-programme\/#breadcrumb\"},\"inLanguage\":\"en-US\",\"potentialAction\":[{\"@type\":\"ReadAction\",\"target\":[\"https:\/\/www.gpsoftware.fr\/en\/zw3d-cao-bases-programme\/\"]}]},{\"@type\":\"BreadcrumbList\",\"@id\":\"https:\/\/www.gpsoftware.fr\/en\/zw3d-cao-bases-programme\/#breadcrumb\",\"itemListElement\":[{\"@type\":\"ListItem\",\"position\":1,\"name\":\"Accueil\",\"item\":\"https:\/\/www.gpsoftware.fr\/en\/?page_id=15380\"},{\"@type\":\"ListItem\",\"position\":2,\"name\":\"ZW3D CAO BASES Programme\"}]},{\"@type\":\"WebSite\",\"@id\":\"https:\/\/www.gpsoftware.fr\/#website\",\"url\":\"https:\/\/www.gpsoftware.fr\/\",\"name\":\"GP Software\",\"description\":\"Vous allez aimer usiner\",\"publisher\":{\"@id\":\"https:\/\/www.gpsoftware.fr\/#organization\"},\"potentialAction\":[{\"@type\":\"SearchAction\",\"target\":{\"@type\":\"EntryPoint\",\"urlTemplate\":\"https:\/\/www.gpsoftware.fr\/?s={search_term_string}\"},\"query-input\":\"required name=search_term_string\"}],\"inLanguage\":\"en-US\"},{\"@type\":\"Organization\",\"@id\":\"https:\/\/www.gpsoftware.fr\/#organization\",\"name\":\"GP Software\",\"url\":\"https:\/\/www.gpsoftware.fr\/\",\"logo\":{\"@type\":\"ImageObject\",\"inLanguage\":\"en-US\",\"@id\":\"https:\/\/www.gpsoftware.fr\/#\/schema\/logo\/image\/\",\"url\":\"https:\/\/www.gpsoftware.fr\/wp-content\/uploads\/Ressources_website\/Global\/logo-GPS.png\",\"contentUrl\":\"https:\/\/www.gpsoftware.fr\/wp-content\/uploads\/Ressources_website\/Global\/logo-GPS.png\",\"width\":300,\"height\":60,\"caption\":\"GP Software\"},\"image\":{\"@id\":\"https:\/\/www.gpsoftware.fr\/#\/schema\/logo\/image\/\"},\"sameAs\":[\"https:\/\/www.facebook.com\/gpsoftwarefrance\/\",\"https:\/\/twitter.com\/GPSoftware\",\"https:\/\/fr.linkedin.com\/company\/gp-software\",\"https:\/\/www.youtube.com\/user\/GPSoftwareSociety\"]}]}<\/script>\n<!-- \/ Yoast SEO Premium plugin. -->","yoast_head_json":{"title":"ZW3D CAO BASES Programme - GP Software","robots":{"index":"index","follow":"follow","max-snippet":"max-snippet:-1","max-image-preview":"max-image-preview:large","max-video-preview":"max-video-preview:-1"},"canonical":"https:\/\/www.gpsoftware.fr\/en\/zw3d-cao-bases-programme\/","og_locale":"en_US","og_type":"article","og_title":"ZW3D CAO BASES Programme","og_description":"Programme formation ZW3D CAO BASESDur\u00e9e : 3 jours 24h00 \u00a0en pr\u00e9sentiel V3 - 05\/2024 &nbsp; &nbsp;ACCESSIBILIT\u00c9 Vous pensez avoir un besoin sp\u00e9cifique ? Une \u00e9tude de chaque situation est effectu\u00e9e par notre r\u00e9f\u00e9rent handicap pour mettre en place des solutions adapt\u00e9es. (Consulter le livret d\u2019accueil). \u2022 Pr\u00e9sentation de l'espace de travail\u2022 Barre des menus, barre [&hellip;]","og_url":"https:\/\/www.gpsoftware.fr\/en\/zw3d-cao-bases-programme\/","og_site_name":"GP Software","article_publisher":"https:\/\/www.facebook.com\/gpsoftwarefrance\/","article_modified_time":"2026-02-10T11:32:19+00:00","twitter_card":"summary_large_image","twitter_site":"@GPSoftware","twitter_misc":{"Est. reading time":"6 minutes"},"schema":{"@context":"https:\/\/schema.org","@graph":[{"@type":"WebPage","@id":"https:\/\/www.gpsoftware.fr\/en\/zw3d-cao-bases-programme\/","url":"https:\/\/www.gpsoftware.fr\/en\/zw3d-cao-bases-programme\/","name":"ZW3D CAO BASES Programme - GP Software","isPartOf":{"@id":"https:\/\/www.gpsoftware.fr\/#website"},"datePublished":"2021-07-19T09:36:21+00:00","dateModified":"2026-02-10T11:32:19+00:00","breadcrumb":{"@id":"https:\/\/www.gpsoftware.fr\/en\/zw3d-cao-bases-programme\/#breadcrumb"},"inLanguage":"en-US","potentialAction":[{"@type":"ReadAction","target":["https:\/\/www.gpsoftware.fr\/en\/zw3d-cao-bases-programme\/"]}]},{"@type":"BreadcrumbList","@id":"https:\/\/www.gpsoftware.fr\/en\/zw3d-cao-bases-programme\/#breadcrumb","itemListElement":[{"@type":"ListItem","position":1,"name":"Accueil","item":"https:\/\/www.gpsoftware.fr\/en\/?page_id=15380"},{"@type":"ListItem","position":2,"name":"ZW3D CAO BASES Programme"}]},{"@type":"WebSite","@id":"https:\/\/www.gpsoftware.fr\/#website","url":"https:\/\/www.gpsoftware.fr\/","name":"GP Software","description":"Vous allez aimer usiner","publisher":{"@id":"https:\/\/www.gpsoftware.fr\/#organization"},"potentialAction":[{"@type":"SearchAction","target":{"@type":"EntryPoint","urlTemplate":"https:\/\/www.gpsoftware.fr\/?s={search_term_string}"},"query-input":"required name=search_term_string"}],"inLanguage":"en-US"},{"@type":"Organization","@id":"https:\/\/www.gpsoftware.fr\/#organization","name":"GP Software","url":"https:\/\/www.gpsoftware.fr\/","logo":{"@type":"ImageObject","inLanguage":"en-US","@id":"https:\/\/www.gpsoftware.fr\/#\/schema\/logo\/image\/","url":"https:\/\/www.gpsoftware.fr\/wp-content\/uploads\/Ressources_website\/Global\/logo-GPS.png","contentUrl":"https:\/\/www.gpsoftware.fr\/wp-content\/uploads\/Ressources_website\/Global\/logo-GPS.png","width":300,"height":60,"caption":"GP Software"},"image":{"@id":"https:\/\/www.gpsoftware.fr\/#\/schema\/logo\/image\/"},"sameAs":["https:\/\/www.facebook.com\/gpsoftwarefrance\/","https:\/\/twitter.com\/GPSoftware","https:\/\/fr.linkedin.com\/company\/gp-software","https:\/\/www.youtube.com\/user\/GPSoftwareSociety"]}]}},"_links":{"self":[{"href":"https:\/\/www.gpsoftware.fr\/en\/wp-json\/wp\/v2\/pages\/13232","targetHints":{"allow":["GET"]}}],"collection":[{"href":"https:\/\/www.gpsoftware.fr\/en\/wp-json\/wp\/v2\/pages"}],"about":[{"href":"https:\/\/www.gpsoftware.fr\/en\/wp-json\/wp\/v2\/types\/page"}],"author":[{"embeddable":true,"href":"https:\/\/www.gpsoftware.fr\/en\/wp-json\/wp\/v2\/users\/1"}],"replies":[{"embeddable":true,"href":"https:\/\/www.gpsoftware.fr\/en\/wp-json\/wp\/v2\/comments?post=13232"}],"version-history":[{"count":8,"href":"https:\/\/www.gpsoftware.fr\/en\/wp-json\/wp\/v2\/pages\/13232\/revisions"}],"predecessor-version":[{"id":16365,"href":"https:\/\/www.gpsoftware.fr\/en\/wp-json\/wp\/v2\/pages\/13232\/revisions\/16365"}],"wp:attachment":[{"href":"https:\/\/www.gpsoftware.fr\/en\/wp-json\/wp\/v2\/media?parent=13232"}],"curies":[{"name":"wp","href":"https:\/\/api.w.org\/{rel}","templated":true}]}}