{"id":13231,"date":"2021-07-19T12:05:56","date_gmt":"2021-07-19T10:05:56","guid":{"rendered":"https:\/\/www.gpsoftware.fr\/programme-zw3d-cao-metiers\/"},"modified":"2026-02-10T12:33:00","modified_gmt":"2026-02-10T11:33:00","slug":"programme-zw3d-cao-metiers","status":"publish","type":"page","link":"https:\/\/www.gpsoftware.fr\/en\/programme-zw3d-cao-metiers\/","title":{"rendered":"Programme ZW3D CAO M\u00e9tiers"},"content":{"rendered":"<p>[et_pb_section fb_built=&#8221;1&#8243; _builder_version=&#8221;4.16&#8243; _module_preset=&#8221;default&#8221; global_colors_info=&#8221;{}&#8221;][et_pb_row _builder_version=&#8221;4.16&#8243; _module_preset=&#8221;default&#8221; global_colors_info=&#8221;{}&#8221;][et_pb_column type=&#8221;4_4&#8243; _builder_version=&#8221;4.16&#8243; _module_preset=&#8221;default&#8221; global_colors_info=&#8221;{}&#8221;][et_pb_text _builder_version=&#8221;4.16&#8243; _module_preset=&#8221;default&#8221; global_colors_info=&#8221;{}&#8221;]<\/p>\n<h1 style=\"text-align: center;\"><strong>Programme formation <\/strong><\/h1>\n<h1 style=\"text-align: center;\"><strong>ZW3D CAO M\u00e9tiers<\/strong><\/h1>\n<p>[\/et_pb_text][\/et_pb_column][\/et_pb_row][et_pb_row column_structure=&#8221;1_2,1_2&#8243; _builder_version=&#8221;4.16&#8243; _module_preset=&#8221;default&#8221; global_colors_info=&#8221;{}&#8221;][et_pb_column type=&#8221;1_2&#8243; _builder_version=&#8221;4.16&#8243; _module_preset=&#8221;default&#8221; global_colors_info=&#8221;{}&#8221;][et_pb_image src=&#8221;https:\/\/www.gpsoftware.fr\/wp-content\/uploads\/2026\/02\/ICONE-ZW3D.png&#8221; title_text=&#8221;ICONE-ZW3D&#8221; _builder_version=&#8221;4.27.5&#8243; _module_preset=&#8221;default&#8221; hover_enabled=&#8221;0&#8243; global_colors_info=&#8221;{}&#8221; width=&#8221;50%&#8221; sticky_enabled=&#8221;0&#8243;][\/et_pb_image][et_pb_text _builder_version=&#8221;4.27.5&#8243; _module_preset=&#8221;default&#8221; global_colors_info=&#8221;{}&#8221;]<\/p>\n<h1>Dur\u00e9e : 2 jour<\/h1>\n<h4><strong>V2 &#8211; 06\/2023<\/strong><\/h4>\n<h2><\/h2>\n<p>[\/et_pb_text][et_pb_text _builder_version=&#8221;4.27.5&#8243; _module_preset=&#8221;default&#8221; global_module=&#8221;16153&#8243; global_colors_info=&#8221;{}&#8221;]<\/p>\n<p>ACCESSIBILIT\u00c9<\/p>\n<p>Vous pensez avoir un besoin sp\u00e9cifique ? Une \u00e9tude de chaque situation est effectu\u00e9e par notre r\u00e9f\u00e9rent handicap pour mettre en place des solutions adapt\u00e9es. <br \/>(Consulter le <a href=\"https:\/\/www.gpsoftware.fr\/wp-content\/uploads\/2026\/02\/LIVRET-ACCUEIL-GPS2026-02-26-1.pdf\">livret d\u2019accueil<\/a>).<\/p>\n<p>[\/et_pb_text][\/et_pb_column][et_pb_column type=&#8221;1_2&#8243; _builder_version=&#8221;4.16&#8243; _module_preset=&#8221;default&#8221; global_colors_info=&#8221;{}&#8221;][et_pb_accordion _builder_version=&#8221;4.27.5&#8243; _module_preset=&#8221;default&#8221; global_colors_info=&#8221;{}&#8221;][et_pb_accordion_item title=&#8221;Jour 1 : Construire un ensemble m\u00e9cano-soud\u00e9&#8221; open=&#8221;on&#8221; closed_toggle_text_color=&#8221;#000000&#8243; _builder_version=&#8221;4.27.5&#8243; _module_preset=&#8221;default&#8221; global_colors_info=&#8221;{}&#8221;]<\/p>\n<h6>\u2022 Cr\u00e9ation de squelettes filaires<br \/>\u2022 El\u00e9ments m\u00e9cano-soud\u00e9s<br \/>\u2022 Outil d\u2019ajustement<br \/>\u2022 Ajout de goussets et bouchons<br \/>\u2022 Nomenclature de profils<br \/>\u2022 Cr\u00e9ation de profils personnalis\u00e9s<br \/>\u2022 Mises en plans de constructions soud\u00e9es<br \/>\u2022 Exercice d\u2019applications.<\/h6>\n<p>[\/et_pb_accordion_item][et_pb_accordion_item title=&#8221;Jour 2 : Mod\u00e9liser des pi\u00e8ces en utilisant les fonctions sp\u00e9cifiques de t\u00f4lerie&#8221; closed_toggle_text_color=&#8221;#000000&#8243; _builder_version=&#8221;4.27.5&#8243; _module_preset=&#8221;default&#8221; global_colors_info=&#8221;{}&#8221; open=&#8221;off&#8221;]<\/p>\n<h6>\u2022 M\u00e9thode de conception de t\u00f4lerie (\u00e0 plat ou par profil)<br \/>\u2022 Param\u00e8tre de t\u00f4lerie<br \/>\u2022 T\u00f4le de base<br \/>\u2022 Cr\u00e9ation de plis<br \/>\u2022 Fermeture des angles<br \/>\u2022 Pliage\/d\u00e9pliage<br \/>\u2022 Enl\u00e8vement de mati\u00e8re dans la t\u00f4lerie<br \/>\u2022 Mise en plan d\u2019une pi\u00e8ce de t\u00f4lerie.<br \/>\u2022 G\u00e9n\u00e9ration de DXF\/DWG<br \/>\u2022 Exercices d\u2019application<br \/>\u2022 Conversion en pi\u00e8ce de t\u00f4lerie<br \/>\u2022 Ajout de plis et de d\u00e9chirures<br \/>\u2022 Exercices d\u2019application<\/h6>\n<p>[\/et_pb_accordion_item][et_pb_accordion_item title=&#8221;Objectif op\u00e9rationnel &#8221; closed_toggle_text_color=&#8221;#000000&#8243; _builder_version=&#8221;4.27.5&#8243; _module_preset=&#8221;default&#8221; global_colors_info=&#8221;{}&#8221; open=&#8221;off&#8221;]<\/p>\n<p>Construire un ensemble m\u00e9cano-soud\u00e9.<\/p>\n<p>Mod\u00e9liser des pi\u00e8ces en utilisant les fonctions sp\u00e9cifiques de t\u00f4lerie<\/p>\n<p>[\/et_pb_accordion_item][et_pb_accordion_item title=&#8221;Objectif p\u00e9dagogique &#8221; closed_toggle_text_color=&#8221;#000000&#8243; _builder_version=&#8221;4.27.5&#8243; _module_preset=&#8221;default&#8221; global_colors_info=&#8221;{}&#8221; open=&#8221;off&#8221;]<\/p>\n<p>Concevoir des pi\u00e8ces de t\u00f4lerie, ensemble m\u00e9cano-soud\u00e9e et les plans 2D associ\u00e9s.<\/p>\n<p>[\/et_pb_accordion_item][et_pb_accordion_item title=&#8221;Pr\u00e9requis&#8221; closed_toggle_text_color=&#8221;#000000&#8243; _builder_version=&#8221;4.27.5&#8243; _module_preset=&#8221;default&#8221; global_colors_info=&#8221;{}&#8221; open=&#8221;off&#8221;]<\/p>\n<p>Conna\u00eetre les fonctionnalit\u00e9s de bases du logiciel ZW3D<\/p>\n<p>Occuper un poste n\u00e9cessitant l\u2019utilisation d\u2019un logiciel CAO : Bureau d\u2019\u00e9tudes, m\u00e9thodes, production.<\/p>\n<p>[\/et_pb_accordion_item][et_pb_accordion_item title=&#8221;Mode d\u2019\u00e9valuation &#8221; closed_toggle_text_color=&#8221;#000000&#8243; _builder_version=&#8221;4.27.5&#8243; _module_preset=&#8221;default&#8221; global_colors_info=&#8221;{}&#8221; open=&#8221;off&#8221;]<\/p>\n<p>Questionnaire de position d\u2019entr\u00e9e en formation<\/p>\n<p>QCM en fin de journ\u00e9e<\/p>\n<p>Questionnaire de satisfaction en fin de formation<\/p>\n<p>Certificat de r\u00e9alisation fournit \u00e0 l\u2019issue de la formation<\/p>\n<p>[\/et_pb_accordion_item][et_pb_accordion_item title=&#8221;P\u00e9dagogie&#8221; closed_toggle_text_color=&#8221;#000000&#8243; _builder_version=&#8221;4.27.5&#8243; _module_preset=&#8221;default&#8221; global_colors_info=&#8221;{}&#8221; open=&#8221;off&#8221;]<\/p>\n<p>La formation se d\u00e9roule autour de cours th\u00e9orique et d\u2019exercices d\u2019application, aid\u00e9 des supports de cours.<\/p>\n<p>[\/et_pb_accordion_item][\/et_pb_accordion][\/et_pb_column][\/et_pb_row][et_pb_row _builder_version=&#8221;4.16&#8243; _module_preset=&#8221;default&#8221; global_colors_info=&#8221;{}&#8221;][et_pb_column type=&#8221;4_4&#8243; _builder_version=&#8221;4.16&#8243; _module_preset=&#8221;default&#8221; global_colors_info=&#8221;{}&#8221;][et_pb_button button_url=&#8221;https:\/\/www.gpsoftware.fr\/contact-gpsoftware\/&#8221; url_new_window=&#8221;on&#8221; button_text=&#8221;Faire une demande de formation&#8221; button_alignment=&#8221;center&#8221; _builder_version=&#8221;4.27.2&#8243; _module_preset=&#8221;default&#8221; custom_button=&#8221;on&#8221; button_text_size=&#8221;33px&#8221; button_border_width=&#8221;3px&#8221; button_border_radius=&#8221;50px&#8221; button_letter_spacing=&#8221;7px&#8221; custom_margin=&#8221;||||false|false&#8221; custom_padding=&#8221;||||false|false&#8221; animation_style=&#8221;bounce&#8221; global_colors_info=&#8221;{}&#8221;][\/et_pb_button][\/et_pb_column][\/et_pb_row][\/et_pb_section]<\/p>\n","protected":false},"excerpt":{"rendered":"<p>Programme formation ZW3D CAO M\u00e9tiersDur\u00e9e : 2 jour V2 &#8211; 06\/2023 ACCESSIBILIT\u00c9 Vous pensez avoir un besoin sp\u00e9cifique ? Une \u00e9tude de chaque situation est effectu\u00e9e par notre r\u00e9f\u00e9rent handicap pour mettre en place des solutions adapt\u00e9es. (Consulter le livret d\u2019accueil). \u2022 Cr\u00e9ation de squelettes filaires\u2022 El\u00e9ments m\u00e9cano-soud\u00e9s\u2022 Outil d\u2019ajustement\u2022 Ajout de goussets et bouchons\u2022 [&hellip;]<\/p>\n","protected":false},"author":1,"featured_media":0,"parent":0,"menu_order":0,"comment_status":"closed","ping_status":"closed","template":"","meta":{"_et_pb_use_builder":"on","_et_pb_old_content":"","_et_gb_content_width":"","footnotes":""},"class_list":["post-13231","page","type-page","status-publish","hentry"],"yoast_head":"<!-- This site is optimized with the Yoast SEO Premium plugin v21.7 (Yoast SEO v21.7) - https:\/\/yoast.com\/wordpress\/plugins\/seo\/ -->\n<title>Programme ZW3D CAO M\u00e9tiers - GP Software<\/title>\n<meta name=\"robots\" content=\"index, follow, max-snippet:-1, max-image-preview:large, max-video-preview:-1\" \/>\n<link rel=\"canonical\" href=\"https:\/\/www.gpsoftware.fr\/en\/programme-zw3d-cao-metiers\/\" \/>\n<meta property=\"og:locale\" content=\"en_US\" \/>\n<meta property=\"og:type\" content=\"article\" \/>\n<meta property=\"og:title\" content=\"Programme ZW3D CAO M\u00e9tiers\" \/>\n<meta property=\"og:description\" content=\"Programme formation ZW3D CAO M\u00e9tiersDur\u00e9e : 2 jour V2 - 06\/2023 ACCESSIBILIT\u00c9 Vous pensez avoir un besoin sp\u00e9cifique ? Une \u00e9tude de chaque situation est effectu\u00e9e par notre r\u00e9f\u00e9rent handicap pour mettre en place des solutions adapt\u00e9es. (Consulter le livret d\u2019accueil). \u2022 Cr\u00e9ation de squelettes filaires\u2022 El\u00e9ments m\u00e9cano-soud\u00e9s\u2022 Outil d\u2019ajustement\u2022 Ajout de goussets et bouchons\u2022 [&hellip;]\" \/>\n<meta property=\"og:url\" content=\"https:\/\/www.gpsoftware.fr\/en\/programme-zw3d-cao-metiers\/\" \/>\n<meta property=\"og:site_name\" content=\"GP Software\" \/>\n<meta property=\"article:publisher\" content=\"https:\/\/www.facebook.com\/gpsoftwarefrance\/\" \/>\n<meta property=\"article:modified_time\" content=\"2026-02-10T11:33:00+00:00\" \/>\n<meta name=\"twitter:card\" content=\"summary_large_image\" \/>\n<meta name=\"twitter:site\" content=\"@GPSoftware\" \/>\n<meta name=\"twitter:label1\" content=\"Est. reading time\" \/>\n\t<meta name=\"twitter:data1\" content=\"4 minutes\" \/>\n<script type=\"application\/ld+json\" class=\"yoast-schema-graph\">{\"@context\":\"https:\/\/schema.org\",\"@graph\":[{\"@type\":\"WebPage\",\"@id\":\"https:\/\/www.gpsoftware.fr\/en\/programme-zw3d-cao-metiers\/\",\"url\":\"https:\/\/www.gpsoftware.fr\/en\/programme-zw3d-cao-metiers\/\",\"name\":\"Programme ZW3D CAO M\u00e9tiers - GP Software\",\"isPartOf\":{\"@id\":\"https:\/\/www.gpsoftware.fr\/#website\"},\"datePublished\":\"2021-07-19T10:05:56+00:00\",\"dateModified\":\"2026-02-10T11:33:00+00:00\",\"breadcrumb\":{\"@id\":\"https:\/\/www.gpsoftware.fr\/en\/programme-zw3d-cao-metiers\/#breadcrumb\"},\"inLanguage\":\"en-US\",\"potentialAction\":[{\"@type\":\"ReadAction\",\"target\":[\"https:\/\/www.gpsoftware.fr\/en\/programme-zw3d-cao-metiers\/\"]}]},{\"@type\":\"BreadcrumbList\",\"@id\":\"https:\/\/www.gpsoftware.fr\/en\/programme-zw3d-cao-metiers\/#breadcrumb\",\"itemListElement\":[{\"@type\":\"ListItem\",\"position\":1,\"name\":\"Accueil\",\"item\":\"https:\/\/www.gpsoftware.fr\/en\/?page_id=15380\"},{\"@type\":\"ListItem\",\"position\":2,\"name\":\"Programme ZW3D CAO M\u00e9tiers\"}]},{\"@type\":\"WebSite\",\"@id\":\"https:\/\/www.gpsoftware.fr\/#website\",\"url\":\"https:\/\/www.gpsoftware.fr\/\",\"name\":\"GP Software\",\"description\":\"Vous allez aimer usiner\",\"publisher\":{\"@id\":\"https:\/\/www.gpsoftware.fr\/#organization\"},\"potentialAction\":[{\"@type\":\"SearchAction\",\"target\":{\"@type\":\"EntryPoint\",\"urlTemplate\":\"https:\/\/www.gpsoftware.fr\/?s={search_term_string}\"},\"query-input\":\"required name=search_term_string\"}],\"inLanguage\":\"en-US\"},{\"@type\":\"Organization\",\"@id\":\"https:\/\/www.gpsoftware.fr\/#organization\",\"name\":\"GP Software\",\"url\":\"https:\/\/www.gpsoftware.fr\/\",\"logo\":{\"@type\":\"ImageObject\",\"inLanguage\":\"en-US\",\"@id\":\"https:\/\/www.gpsoftware.fr\/#\/schema\/logo\/image\/\",\"url\":\"https:\/\/www.gpsoftware.fr\/wp-content\/uploads\/Ressources_website\/Global\/logo-GPS.png\",\"contentUrl\":\"https:\/\/www.gpsoftware.fr\/wp-content\/uploads\/Ressources_website\/Global\/logo-GPS.png\",\"width\":300,\"height\":60,\"caption\":\"GP Software\"},\"image\":{\"@id\":\"https:\/\/www.gpsoftware.fr\/#\/schema\/logo\/image\/\"},\"sameAs\":[\"https:\/\/www.facebook.com\/gpsoftwarefrance\/\",\"https:\/\/twitter.com\/GPSoftware\",\"https:\/\/fr.linkedin.com\/company\/gp-software\",\"https:\/\/www.youtube.com\/user\/GPSoftwareSociety\"]}]}<\/script>\n<!-- \/ Yoast SEO Premium plugin. -->","yoast_head_json":{"title":"Programme ZW3D CAO M\u00e9tiers - GP Software","robots":{"index":"index","follow":"follow","max-snippet":"max-snippet:-1","max-image-preview":"max-image-preview:large","max-video-preview":"max-video-preview:-1"},"canonical":"https:\/\/www.gpsoftware.fr\/en\/programme-zw3d-cao-metiers\/","og_locale":"en_US","og_type":"article","og_title":"Programme ZW3D CAO M\u00e9tiers","og_description":"Programme formation ZW3D CAO M\u00e9tiersDur\u00e9e : 2 jour V2 - 06\/2023 ACCESSIBILIT\u00c9 Vous pensez avoir un besoin sp\u00e9cifique ? Une \u00e9tude de chaque situation est effectu\u00e9e par notre r\u00e9f\u00e9rent handicap pour mettre en place des solutions adapt\u00e9es. (Consulter le livret d\u2019accueil). \u2022 Cr\u00e9ation de squelettes filaires\u2022 El\u00e9ments m\u00e9cano-soud\u00e9s\u2022 Outil d\u2019ajustement\u2022 Ajout de goussets et bouchons\u2022 [&hellip;]","og_url":"https:\/\/www.gpsoftware.fr\/en\/programme-zw3d-cao-metiers\/","og_site_name":"GP Software","article_publisher":"https:\/\/www.facebook.com\/gpsoftwarefrance\/","article_modified_time":"2026-02-10T11:33:00+00:00","twitter_card":"summary_large_image","twitter_site":"@GPSoftware","twitter_misc":{"Est. reading time":"4 minutes"},"schema":{"@context":"https:\/\/schema.org","@graph":[{"@type":"WebPage","@id":"https:\/\/www.gpsoftware.fr\/en\/programme-zw3d-cao-metiers\/","url":"https:\/\/www.gpsoftware.fr\/en\/programme-zw3d-cao-metiers\/","name":"Programme ZW3D CAO M\u00e9tiers - GP Software","isPartOf":{"@id":"https:\/\/www.gpsoftware.fr\/#website"},"datePublished":"2021-07-19T10:05:56+00:00","dateModified":"2026-02-10T11:33:00+00:00","breadcrumb":{"@id":"https:\/\/www.gpsoftware.fr\/en\/programme-zw3d-cao-metiers\/#breadcrumb"},"inLanguage":"en-US","potentialAction":[{"@type":"ReadAction","target":["https:\/\/www.gpsoftware.fr\/en\/programme-zw3d-cao-metiers\/"]}]},{"@type":"BreadcrumbList","@id":"https:\/\/www.gpsoftware.fr\/en\/programme-zw3d-cao-metiers\/#breadcrumb","itemListElement":[{"@type":"ListItem","position":1,"name":"Accueil","item":"https:\/\/www.gpsoftware.fr\/en\/?page_id=15380"},{"@type":"ListItem","position":2,"name":"Programme ZW3D CAO M\u00e9tiers"}]},{"@type":"WebSite","@id":"https:\/\/www.gpsoftware.fr\/#website","url":"https:\/\/www.gpsoftware.fr\/","name":"GP Software","description":"Vous allez aimer usiner","publisher":{"@id":"https:\/\/www.gpsoftware.fr\/#organization"},"potentialAction":[{"@type":"SearchAction","target":{"@type":"EntryPoint","urlTemplate":"https:\/\/www.gpsoftware.fr\/?s={search_term_string}"},"query-input":"required name=search_term_string"}],"inLanguage":"en-US"},{"@type":"Organization","@id":"https:\/\/www.gpsoftware.fr\/#organization","name":"GP Software","url":"https:\/\/www.gpsoftware.fr\/","logo":{"@type":"ImageObject","inLanguage":"en-US","@id":"https:\/\/www.gpsoftware.fr\/#\/schema\/logo\/image\/","url":"https:\/\/www.gpsoftware.fr\/wp-content\/uploads\/Ressources_website\/Global\/logo-GPS.png","contentUrl":"https:\/\/www.gpsoftware.fr\/wp-content\/uploads\/Ressources_website\/Global\/logo-GPS.png","width":300,"height":60,"caption":"GP Software"},"image":{"@id":"https:\/\/www.gpsoftware.fr\/#\/schema\/logo\/image\/"},"sameAs":["https:\/\/www.facebook.com\/gpsoftwarefrance\/","https:\/\/twitter.com\/GPSoftware","https:\/\/fr.linkedin.com\/company\/gp-software","https:\/\/www.youtube.com\/user\/GPSoftwareSociety"]}]}},"_links":{"self":[{"href":"https:\/\/www.gpsoftware.fr\/en\/wp-json\/wp\/v2\/pages\/13231","targetHints":{"allow":["GET"]}}],"collection":[{"href":"https:\/\/www.gpsoftware.fr\/en\/wp-json\/wp\/v2\/pages"}],"about":[{"href":"https:\/\/www.gpsoftware.fr\/en\/wp-json\/wp\/v2\/types\/page"}],"author":[{"embeddable":true,"href":"https:\/\/www.gpsoftware.fr\/en\/wp-json\/wp\/v2\/users\/1"}],"replies":[{"embeddable":true,"href":"https:\/\/www.gpsoftware.fr\/en\/wp-json\/wp\/v2\/comments?post=13231"}],"version-history":[{"count":6,"href":"https:\/\/www.gpsoftware.fr\/en\/wp-json\/wp\/v2\/pages\/13231\/revisions"}],"predecessor-version":[{"id":16367,"href":"https:\/\/www.gpsoftware.fr\/en\/wp-json\/wp\/v2\/pages\/13231\/revisions\/16367"}],"wp:attachment":[{"href":"https:\/\/www.gpsoftware.fr\/en\/wp-json\/wp\/v2\/media?parent=13231"}],"curies":[{"name":"wp","href":"https:\/\/api.w.org\/{rel}","templated":true}]}}