{"id":13145,"date":"2023-04-13T11:31:30","date_gmt":"2023-04-13T09:31:30","guid":{"rendered":"https:\/\/www.gpsoftware.fr\/rendu-avec-keyshot\/"},"modified":"2023-04-13T11:31:30","modified_gmt":"2023-04-13T09:31:30","slug":"rendu-avec-keyshot","status":"publish","type":"page","link":"https:\/\/www.gpsoftware.fr\/en\/rendu-avec-keyshot\/","title":{"rendered":"KeyShot rendu"},"content":{"rendered":"\n[et_pb_section fb_built=&#8221;1&#8243; fullwidth=&#8221;on&#8221; _builder_version=&#8221;4.16&#8243; bottom_divider_style=&#8221;arrow2&#8243; bottom_divider_color=&#8221;#ffffff&#8221; bottom_divider_height=&#8221;50px&#8221; global_colors_info=&#8221;{}&#8221;][et_pb_fullwidth_slider _builder_version=&#8221;4.20.2&#8243; custom_padding=&#8221;|||&#8221; box_shadow_style=&#8221;preset6&#8243; box_shadow_blur=&#8221;10px&#8221; box_shadow_color=&#8221;rgba(0,0,0,0.1)&#8221; show_inner_shadow=&#8221;on&#8221; global_colors_info=&#8221;{}&#8221; button_text_size__hover_enabled=&#8221;off&#8221; button_one_text_size__hover_enabled=&#8221;off&#8221; button_two_text_size__hover_enabled=&#8221;off&#8221; button_text_color__hover_enabled=&#8221;off&#8221; button_one_text_color__hover_enabled=&#8221;off&#8221; button_two_text_color__hover_enabled=&#8221;off&#8221; button_border_width__hover_enabled=&#8221;off&#8221; button_one_border_width__hover_enabled=&#8221;off&#8221; button_two_border_width__hover_enabled=&#8221;off&#8221; button_border_color__hover_enabled=&#8221;off&#8221; button_one_border_color__hover_enabled=&#8221;off&#8221; button_two_border_color__hover_enabled=&#8221;off&#8221; button_border_radius__hover_enabled=&#8221;off&#8221; button_one_border_radius__hover_enabled=&#8221;off&#8221; button_two_border_radius__hover_enabled=&#8221;off&#8221; button_letter_spacing__hover_enabled=&#8221;off&#8221; button_one_letter_spacing__hover_enabled=&#8221;off&#8221; button_two_letter_spacing__hover_enabled=&#8221;off&#8221; button_bg_color__hover_enabled=&#8221;off&#8221; button_one_bg_color__hover_enabled=&#8221;off&#8221; button_two_bg_color__hover_enabled=&#8221;off&#8221;][et_pb_slide heading=&#8221;KeyShot pour ZW3D, rendu &#038; animation r\u00e9alistes&#8221; use_bg_overlay=&#8221;on&#8221; bg_overlay_color=&#8221;rgba(29,40,73,0.78)&#8221; use_text_overlay=&#8221;off&#8221; _builder_version=&#8221;4.20.2&#8243; header_font=&#8221;||||&#8221; body_font=&#8221;||||&#8221; background_color=&#8221;#ffffff&#8221; background_image=&#8221;https:\/\/www.gpsoftware.fr\/wp-content\/uploads\/2023\/04\/Jante.jpg&#8221; button_on_hover=&#8221;on&#8221; global_colors_info=&#8221;{}&#8221; button_text_size__hover_enabled=&#8221;off&#8221; button_one_text_size__hover_enabled=&#8221;off&#8221; button_two_text_size__hover_enabled=&#8221;off&#8221; button_text_color__hover_enabled=&#8221;off&#8221; button_one_text_color__hover_enabled=&#8221;off&#8221; button_two_text_color__hover_enabled=&#8221;off&#8221; button_border_width__hover_enabled=&#8221;off&#8221; button_one_border_width__hover_enabled=&#8221;off&#8221; button_two_border_width__hover_enabled=&#8221;off&#8221; button_border_color__hover_enabled=&#8221;off&#8221; button_one_border_color__hover_enabled=&#8221;off&#8221; button_two_border_color__hover_enabled=&#8221;off&#8221; button_border_radius__hover_enabled=&#8221;off&#8221; button_one_border_radius__hover_enabled=&#8221;off&#8221; button_two_border_radius__hover_enabled=&#8221;off&#8221; button_letter_spacing__hover_enabled=&#8221;off&#8221; button_one_letter_spacing__hover_enabled=&#8221;off&#8221; button_two_letter_spacing__hover_enabled=&#8221;off&#8221; button_bg_color__hover_enabled=&#8221;off&#8221; button_one_bg_color__hover_enabled=&#8221;off&#8221; button_two_bg_color__hover_enabled=&#8221;off&#8221; sticky_transition=&#8221;on&#8221;]<p>Donnez vie \u00e0 vos projets r\u00e9alis\u00e9s gr\u00e2ce \u00e0 KeyShot pour ZW3D.<\/p>[\/et_pb_slide][\/et_pb_fullwidth_slider][\/et_pb_section][et_pb_section fb_built=&#8221;1&#8243; _builder_version=&#8221;4.20.2&#8243; bottom_divider_style=&#8221;arrow3&#8243; bottom_divider_color=&#8221;#1D2849&#8243; bottom_divider_height=&#8221;50px&#8221; global_colors_info=&#8221;{}&#8221;][et_pb_row _builder_version=&#8221;4.16&#8243; background_size=&#8221;initial&#8221; background_position=&#8221;top_left&#8221; background_repeat=&#8221;repeat&#8221; global_colors_info=&#8221;{}&#8221;][et_pb_column type=&#8221;4_4&#8243; _builder_version=&#8221;4.16&#8243; custom_padding=&#8221;|||&#8221; global_colors_info=&#8221;{}&#8221; custom_padding__hover=&#8221;|||&#8221;][et_pb_image src=&#8221;https:\/\/www.gpsoftware.fr\/wp-content\/uploads\/2023\/04\/banniere-Keyshot.jpg&#8221; alt=&#8221;Keyshot rendu 3D&#8221; align_tablet=&#8221;center&#8221; align_phone=&#8221;&#8221; align_last_edited=&#8221;on|desktop&#8221; _builder_version=&#8221;4.16&#8243; animation_style=&#8221;bounce&#8221; border_radii=&#8221;on|10px|10px|10px|10px&#8221; box_shadow_style=&#8221;preset1&#8243; box_shadow_spread=&#8221;11px&#8221; global_colors_info=&#8221;{}&#8221;][\/et_pb_image][et_pb_text _builder_version=&#8221;4.16&#8243; text_orientation=&#8221;justified&#8221; border_style=&#8221;solid&#8221; global_colors_info=&#8221;{}&#8221;]<span class=\"rte\"><strong>KeyShot\u2122<\/strong>\u00a0<\/span><span id=\"result_box\" class=\"\" lang=\"fr\"><span class=\"hps\">est<\/span>\u00a0un logiciel de\u00a0<strong><span class=\"hps\">rendu 3D<\/span><\/strong><span class=\"hps\"><strong>\u00a0en temps r\u00e9el<\/strong> et d&#8217;animation ultra performant<\/span>.\r\n<\/span>\r\n\r\n<span class=\"\" lang=\"fr\"><span class=\"rte\">Bas\u00e9 sur une technologie de raytracing et d&#8217;illumination globale, d\u00e9velopp\u00e9e par Luxion, il permet en quelques minutes, la cr\u00e9ation d&#8217;images photor\u00e9alistes \u00e9poustouflantes \u00e0 partir de vos mod\u00e9lisations 3D.<\/span><\/span>\r\n\r\n<span class=\"\" lang=\"fr\">\u00c0 partir de 500\u20ac HT,\u00a0<strong>KeyShot pour ZW3D<\/strong>\u00a0est LA solution pour donner vie \u00e0 vos conceptions et embellir vos produits tr\u00e8s rapidement. Vous avez \u00e0 votre disposition un large de choix de mati\u00e8res, de brillance, d&#8217;environnement, etc&#8230;<\/span>\r\n\r\nLa version propos\u00e9e a prix exceptionnel avec ZW3D est la version HD de KeyShot. De plus, avec le cloud KeyShot, vous avez acc\u00e8s a des milliers de ressources partag\u00e9es.\r\n\r\n<span class=\"rte\">Le logiciel est compatible avec un grand nombre de formats de fichiers 3D. De plus, ZW3D int\u00e8gre un lien direct vers KeyShot pour importer vos cr\u00e9ations facilement.<\/span>\r\n\r\n<span class=\"rte\">Plus rapide, plus facile et plus \u00e9tonnant qu\u2019aucun autre logiciel, Keyshot permet de cr\u00e9er des images de<strong> qualit\u00e9 photographique<\/strong> en quelques minutes.<\/span>\r[\/et_pb_text][\/et_pb_column][\/et_pb_row][et_pb_row _builder_version=&#8221;4.16&#8243; global_colors_info=&#8221;{}&#8221;][et_pb_column type=&#8221;4_4&#8243; _builder_version=&#8221;4.16&#8243; custom_padding=&#8221;|||&#8221; global_colors_info=&#8221;{}&#8221; custom_padding__hover=&#8221;|||&#8221;][et_pb_text _builder_version=&#8221;4.20.2&#8243; text_font=&#8221;||||||||&#8221; text_text_color=&#8221;#ffffff&#8221; header_font=&#8221;||||||||&#8221; header_text_color=&#8221;#ffffff&#8221; header_3_font=&#8221;||||||||&#8221; header_3_text_color=&#8221;#ffffff&#8221; background_color=&#8221;#1D2849&#8243; custom_padding=&#8221;20px|20px|20px|20px&#8221; header_text_shadow_style=&#8221;preset3&#8243; header_3_text_shadow_style=&#8221;preset3&#8243; border_radii=&#8221;on|25px|25px|25px|25px&#8221; box_shadow_style=&#8221;preset1&#8243; global_colors_info=&#8221;{}&#8221;]<h1 style=\"text-align: center;\">OFFRE SP\u00c9CIALE ZW3D + KeyShot<\/h1>\n<h3 style=\"text-align: center;\">Si vous achetez une licence ZW3D, profitez de la version HD de KeyShot pour 500\u20ac HT seulement !<\/h3>\n<p style=\"text-align: center;\">( Offre valable uniquement lors de l&#8217;achat simultan\u00e9 d&#8217;une licence ZW3D et d&#8217;une licence KeyShot HD )<\/p>[\/et_pb_text][\/et_pb_column][\/et_pb_row][\/et_pb_section][et_pb_section fb_built=&#8221;1&#8243; next_background_color=&#8221;#ffffff&#8221; _builder_version=&#8221;4.20.2&#8243; background_color=&#8221;#1D2849&#8243; bottom_divider_style=&#8221;asymmetric4&#8243; bottom_divider_height=&#8221;50px&#8221; global_colors_info=&#8221;{}&#8221;][et_pb_row column_structure=&#8221;1_3,1_3,1_3&#8243; _builder_version=&#8221;4.16&#8243; background_size=&#8221;initial&#8221; background_position=&#8221;top_left&#8221; background_repeat=&#8221;repeat&#8221; global_colors_info=&#8221;{}&#8221;][et_pb_column type=&#8221;1_3&#8243; _builder_version=&#8221;4.16&#8243; custom_padding=&#8221;|||&#8221; global_colors_info=&#8221;{}&#8221; custom_padding__hover=&#8221;|||&#8221;][et_pb_image src=&#8221;https:\/\/www.gpsoftware.fr\/wp-content\/uploads\/2023\/04\/voiture-sport-outdoor.jpg&#8221; alt=&#8221;Keyshot rendu 3D&#8221; show_in_lightbox=&#8221;on&#8221; use_overlay=&#8221;on&#8221; overlay_icon_color=&#8221;#22659f&#8221; hover_overlay_color=&#8221;rgba(128,182,39,0.6)&#8221; hover_icon=&#8221;&#xe042;||divi||400&#8243; align=&#8221;center&#8221; align_tablet=&#8221;center&#8221; align_phone=&#8221;&#8221; align_last_edited=&#8221;on|desktop&#8221; _builder_version=&#8221;4.16&#8243; module_alignment=&#8221;center&#8221; animation_style=&#8221;slide&#8221; animation_direction=&#8221;left&#8221; animation_duration=&#8221;500ms&#8221; animation_intensity_slide=&#8221;10%&#8221; border_radii=&#8221;on|10px|10px|10px|10px&#8221; global_colors_info=&#8221;{}&#8221;][\/et_pb_image][\/et_pb_column][et_pb_column type=&#8221;1_3&#8243; _builder_version=&#8221;4.16&#8243; custom_padding=&#8221;|||&#8221; global_colors_info=&#8221;{}&#8221; custom_padding__hover=&#8221;|||&#8221;][et_pb_image src=&#8221;https:\/\/www.gpsoftware.fr\/wp-content\/uploads\/2023\/04\/CoqueIphone.jpg&#8221; alt=&#8221;Keyshot rendu 3D&#8221; show_in_lightbox=&#8221;on&#8221; use_overlay=&#8221;on&#8221; overlay_icon_color=&#8221;#22659f&#8221; hover_overlay_color=&#8221;rgba(128,182,39,0.6)&#8221; hover_icon=&#8221;&#xe042;||divi||400&#8243; align=&#8221;center&#8221; align_tablet=&#8221;center&#8221; align_phone=&#8221;&#8221; align_last_edited=&#8221;on|desktop&#8221; _builder_version=&#8221;4.16&#8243; animation_style=&#8221;slide&#8221; animation_direction=&#8221;bottom&#8221; animation_duration=&#8221;500ms&#8221; animation_intensity_slide=&#8221;10%&#8221; border_radii=&#8221;on|10px|10px|10px|10px&#8221; global_colors_info=&#8221;{}&#8221;][\/et_pb_image][\/et_pb_column][et_pb_column type=&#8221;1_3&#8243; _builder_version=&#8221;4.16&#8243; custom_padding=&#8221;|||&#8221; global_colors_info=&#8221;{}&#8221; custom_padding__hover=&#8221;|||&#8221;][et_pb_image src=&#8221;https:\/\/www.gpsoftware.fr\/wp-content\/uploads\/2023\/04\/DMU75.jpg&#8221; alt=&#8221;Keyshot rendu 3D&#8221; show_in_lightbox=&#8221;on&#8221; use_overlay=&#8221;on&#8221; overlay_icon_color=&#8221;#22659f&#8221; hover_overlay_color=&#8221;rgba(128,182,39,0.6)&#8221; hover_icon=&#8221;&#xe042;||divi||400&#8243; align=&#8221;center&#8221; align_tablet=&#8221;center&#8221; align_phone=&#8221;&#8221; align_last_edited=&#8221;on|desktop&#8221; _builder_version=&#8221;4.16&#8243; animation_style=&#8221;slide&#8221; animation_direction=&#8221;right&#8221; animation_duration=&#8221;500ms&#8221; animation_intensity_slide=&#8221;10%&#8221; border_radii=&#8221;on|10px|10px|10px|10px&#8221; global_colors_info=&#8221;{}&#8221;][\/et_pb_image][\/et_pb_column][\/et_pb_row][\/et_pb_section][et_pb_section fb_built=&#8221;1&#8243; _builder_version=&#8221;4.16&#8243; global_colors_info=&#8221;{}&#8221;][et_pb_row _builder_version=&#8221;4.16&#8243; background_size=&#8221;initial&#8221; background_position=&#8221;top_left&#8221; background_repeat=&#8221;repeat&#8221; global_colors_info=&#8221;{}&#8221;][et_pb_column type=&#8221;4_4&#8243; _builder_version=&#8221;4.16&#8243; custom_padding=&#8221;|||&#8221; global_colors_info=&#8221;{}&#8221; custom_padding__hover=&#8221;|||&#8221;][et_pb_text _builder_version=&#8221;4.16&#8243; global_colors_info=&#8221;{}&#8221;]<h1 style=\"text-align: center;\">Les avantages de Keyshot<\/h1>\r[\/et_pb_text][et_pb_image src=&#8221;https:\/\/www.gpsoftware.fr\/wp-content\/uploads\/2023\/04\/avantage-keyshot-diagramme.jpg&#8221; alt=&#8221;Keyshot rendu 3D&#8221; align=&#8221;center&#8221; align_tablet=&#8221;center&#8221; align_phone=&#8221;&#8221; align_last_edited=&#8221;on|desktop&#8221; _builder_version=&#8221;4.16&#8243; max_width=&#8221;80%&#8221; animation_style=&#8221;fade&#8221; global_colors_info=&#8221;{}&#8221;][\/et_pb_image][et_pb_divider _builder_version=&#8221;4.16&#8243; global_colors_info=&#8221;{}&#8221;][\/et_pb_divider][et_pb_text _builder_version=&#8221;4.16&#8243; global_colors_info=&#8221;{}&#8221;]<h1 style=\"text-align: center;\">Am\u00e9liorations<\/h1>\r[\/et_pb_text][et_pb_image src=&#8221;https:\/\/www.gpsoftware.fr\/wp-content\/uploads\/2023\/04\/ameliorations-keyshot-1.jpg&#8221; alt=&#8221;Keyshot rendu 3D&#8221; align_tablet=&#8221;center&#8221; align_phone=&#8221;&#8221; align_last_edited=&#8221;on|desktop&#8221; _builder_version=&#8221;4.16&#8243; animation_style=&#8221;fade&#8221; global_colors_info=&#8221;{}&#8221;][\/et_pb_image][et_pb_text _builder_version=&#8221;4.16&#8243; global_colors_info=&#8221;{}&#8221;]<h1 style=\"text-align: center;\">Pour en savoir plus ou profiter de l&#8217;offre, contactez-nous.<\/h1>\r[\/et_pb_text][et_pb_button button_url=&#8221;https:\/\/www.gpsoftware.fr\/contact-gpsoftware\/&#8221; button_text=&#8221;Contactez-nous&#8221; button_alignment=&#8221;center&#8221; _builder_version=&#8221;4.20.2&#8243; custom_button=&#8221;on&#8221; button_text_color=&#8221;#ffffff&#8221; button_bg_color=&#8221;#1D2849&#8243; button_border_color=&#8221;#ffffff&#8221; button_border_radius=&#8221;25px&#8221; button_font=&#8221;||||||||&#8221; button_icon=&#8221;&#xe076;||divi||400&#8243; button_icon_color=&#8221;#ffffff&#8221; button_on_hover=&#8221;off&#8221; hover_enabled=&#8221;0&#8243; button_text_color_last_edited=&#8221;off|desktop&#8221; global_colors_info=&#8221;{}&#8221; button_text_size__hover_enabled=&#8221;off&#8221; button_one_text_size__hover_enabled=&#8221;off&#8221; button_two_text_size__hover_enabled=&#8221;off&#8221; button_text_color__hover_enabled=&#8221;on|desktop&#8221; button_one_text_color__hover_enabled=&#8221;off&#8221; button_two_text_color__hover_enabled=&#8221;off&#8221; button_border_width__hover_enabled=&#8221;off&#8221; button_one_border_width__hover_enabled=&#8221;off&#8221; button_two_border_width__hover_enabled=&#8221;off&#8221; button_border_color__hover_enabled=&#8221;on&#8221; button_one_border_color__hover_enabled=&#8221;off&#8221; button_two_border_color__hover_enabled=&#8221;off&#8221; button_border_radius__hover_enabled=&#8221;off&#8221; button_one_border_radius__hover_enabled=&#8221;off&#8221; button_two_border_radius__hover_enabled=&#8221;off&#8221; button_letter_spacing__hover_enabled=&#8221;off&#8221; button_one_letter_spacing__hover_enabled=&#8221;off&#8221; button_two_letter_spacing__hover_enabled=&#8221;off&#8221; button_bg_color__hover_enabled=&#8221;on|desktop&#8221; button_one_bg_color__hover_enabled=&#8221;off&#8221; button_two_bg_color__hover_enabled=&#8221;off&#8221; button_text_color__hover=&#8221;#f8ac17&#8243; button_bg_color__hover=&#8221;#FFFFFF&#8221; button_border_color__hover=&#8221;#f8ac17&#8243; button_icon_color__hover=&#8221;#f8ac17&#8243; button_icon_color__hover_enabled=&#8221;on|hover&#8221; button_bg_enable_color__hover=&#8221;on&#8221; sticky_enabled=&#8221;0&#8243;][\/et_pb_button][\/et_pb_column][\/et_pb_row][\/et_pb_section]\n","protected":false},"excerpt":{"rendered":"","protected":false},"author":1,"featured_media":0,"parent":0,"menu_order":0,"comment_status":"closed","ping_status":"closed","template":"","meta":{"_et_pb_use_builder":"","_et_pb_old_content":"","_et_gb_content_width":"","footnotes":""},"class_list":["post-13145","page","type-page","status-publish","hentry"],"yoast_head":"<!-- This site is optimized with the Yoast SEO Premium plugin v21.7 (Yoast SEO v21.7) - https:\/\/yoast.com\/wordpress\/plugins\/seo\/ -->\n<title>KeyShot rendu - GP Software<\/title>\n<meta name=\"robots\" content=\"index, follow, max-snippet:-1, max-image-preview:large, max-video-preview:-1\" \/>\n<link rel=\"canonical\" href=\"https:\/\/www.gpsoftware.fr\/en\/rendu-avec-keyshot\/\" \/>\n<meta property=\"og:locale\" content=\"en_US\" \/>\n<meta property=\"og:type\" content=\"article\" \/>\n<meta property=\"og:title\" content=\"KeyShot rendu\" \/>\n<meta property=\"og:url\" content=\"https:\/\/www.gpsoftware.fr\/en\/rendu-avec-keyshot\/\" \/>\n<meta property=\"og:site_name\" content=\"GP Software\" \/>\n<meta property=\"article:publisher\" content=\"https:\/\/www.facebook.com\/gpsoftwarefrance\/\" \/>\n<meta name=\"twitter:card\" content=\"summary_large_image\" \/>\n<meta name=\"twitter:site\" content=\"@GPSoftware\" \/>\n<meta name=\"twitter:label1\" content=\"Est. reading time\" \/>\n\t<meta name=\"twitter:data1\" content=\"8 minutes\" \/>\n<script type=\"application\/ld+json\" class=\"yoast-schema-graph\">{\"@context\":\"https:\/\/schema.org\",\"@graph\":[{\"@type\":\"WebPage\",\"@id\":\"https:\/\/www.gpsoftware.fr\/en\/rendu-avec-keyshot\/\",\"url\":\"https:\/\/www.gpsoftware.fr\/en\/rendu-avec-keyshot\/\",\"name\":\"KeyShot rendu - GP Software\",\"isPartOf\":{\"@id\":\"https:\/\/www.gpsoftware.fr\/#website\"},\"datePublished\":\"2023-04-13T09:31:30+00:00\",\"dateModified\":\"2023-04-13T09:31:30+00:00\",\"breadcrumb\":{\"@id\":\"https:\/\/www.gpsoftware.fr\/en\/rendu-avec-keyshot\/#breadcrumb\"},\"inLanguage\":\"en-US\",\"potentialAction\":[{\"@type\":\"ReadAction\",\"target\":[\"https:\/\/www.gpsoftware.fr\/en\/rendu-avec-keyshot\/\"]}]},{\"@type\":\"BreadcrumbList\",\"@id\":\"https:\/\/www.gpsoftware.fr\/en\/rendu-avec-keyshot\/#breadcrumb\",\"itemListElement\":[{\"@type\":\"ListItem\",\"position\":1,\"name\":\"Accueil\",\"item\":\"https:\/\/www.gpsoftware.fr\/en\/?page_id=15380\"},{\"@type\":\"ListItem\",\"position\":2,\"name\":\"KeyShot rendu\"}]},{\"@type\":\"WebSite\",\"@id\":\"https:\/\/www.gpsoftware.fr\/#website\",\"url\":\"https:\/\/www.gpsoftware.fr\/\",\"name\":\"GP Software\",\"description\":\"Vous allez aimer usiner\",\"publisher\":{\"@id\":\"https:\/\/www.gpsoftware.fr\/#organization\"},\"potentialAction\":[{\"@type\":\"SearchAction\",\"target\":{\"@type\":\"EntryPoint\",\"urlTemplate\":\"https:\/\/www.gpsoftware.fr\/?s={search_term_string}\"},\"query-input\":\"required name=search_term_string\"}],\"inLanguage\":\"en-US\"},{\"@type\":\"Organization\",\"@id\":\"https:\/\/www.gpsoftware.fr\/#organization\",\"name\":\"GP Software\",\"url\":\"https:\/\/www.gpsoftware.fr\/\",\"logo\":{\"@type\":\"ImageObject\",\"inLanguage\":\"en-US\",\"@id\":\"https:\/\/www.gpsoftware.fr\/#\/schema\/logo\/image\/\",\"url\":\"https:\/\/www.gpsoftware.fr\/wp-content\/uploads\/Ressources_website\/Global\/logo-GPS.png\",\"contentUrl\":\"https:\/\/www.gpsoftware.fr\/wp-content\/uploads\/Ressources_website\/Global\/logo-GPS.png\",\"width\":300,\"height\":60,\"caption\":\"GP Software\"},\"image\":{\"@id\":\"https:\/\/www.gpsoftware.fr\/#\/schema\/logo\/image\/\"},\"sameAs\":[\"https:\/\/www.facebook.com\/gpsoftwarefrance\/\",\"https:\/\/twitter.com\/GPSoftware\",\"https:\/\/fr.linkedin.com\/company\/gp-software\",\"https:\/\/www.youtube.com\/user\/GPSoftwareSociety\"]}]}<\/script>\n<!-- \/ Yoast SEO Premium plugin. -->","yoast_head_json":{"title":"KeyShot rendu - GP Software","robots":{"index":"index","follow":"follow","max-snippet":"max-snippet:-1","max-image-preview":"max-image-preview:large","max-video-preview":"max-video-preview:-1"},"canonical":"https:\/\/www.gpsoftware.fr\/en\/rendu-avec-keyshot\/","og_locale":"en_US","og_type":"article","og_title":"KeyShot rendu","og_url":"https:\/\/www.gpsoftware.fr\/en\/rendu-avec-keyshot\/","og_site_name":"GP Software","article_publisher":"https:\/\/www.facebook.com\/gpsoftwarefrance\/","twitter_card":"summary_large_image","twitter_site":"@GPSoftware","twitter_misc":{"Est. reading time":"8 minutes"},"schema":{"@context":"https:\/\/schema.org","@graph":[{"@type":"WebPage","@id":"https:\/\/www.gpsoftware.fr\/en\/rendu-avec-keyshot\/","url":"https:\/\/www.gpsoftware.fr\/en\/rendu-avec-keyshot\/","name":"KeyShot rendu - GP Software","isPartOf":{"@id":"https:\/\/www.gpsoftware.fr\/#website"},"datePublished":"2023-04-13T09:31:30+00:00","dateModified":"2023-04-13T09:31:30+00:00","breadcrumb":{"@id":"https:\/\/www.gpsoftware.fr\/en\/rendu-avec-keyshot\/#breadcrumb"},"inLanguage":"en-US","potentialAction":[{"@type":"ReadAction","target":["https:\/\/www.gpsoftware.fr\/en\/rendu-avec-keyshot\/"]}]},{"@type":"BreadcrumbList","@id":"https:\/\/www.gpsoftware.fr\/en\/rendu-avec-keyshot\/#breadcrumb","itemListElement":[{"@type":"ListItem","position":1,"name":"Accueil","item":"https:\/\/www.gpsoftware.fr\/en\/?page_id=15380"},{"@type":"ListItem","position":2,"name":"KeyShot rendu"}]},{"@type":"WebSite","@id":"https:\/\/www.gpsoftware.fr\/#website","url":"https:\/\/www.gpsoftware.fr\/","name":"GP Software","description":"Vous allez aimer usiner","publisher":{"@id":"https:\/\/www.gpsoftware.fr\/#organization"},"potentialAction":[{"@type":"SearchAction","target":{"@type":"EntryPoint","urlTemplate":"https:\/\/www.gpsoftware.fr\/?s={search_term_string}"},"query-input":"required name=search_term_string"}],"inLanguage":"en-US"},{"@type":"Organization","@id":"https:\/\/www.gpsoftware.fr\/#organization","name":"GP Software","url":"https:\/\/www.gpsoftware.fr\/","logo":{"@type":"ImageObject","inLanguage":"en-US","@id":"https:\/\/www.gpsoftware.fr\/#\/schema\/logo\/image\/","url":"https:\/\/www.gpsoftware.fr\/wp-content\/uploads\/Ressources_website\/Global\/logo-GPS.png","contentUrl":"https:\/\/www.gpsoftware.fr\/wp-content\/uploads\/Ressources_website\/Global\/logo-GPS.png","width":300,"height":60,"caption":"GP Software"},"image":{"@id":"https:\/\/www.gpsoftware.fr\/#\/schema\/logo\/image\/"},"sameAs":["https:\/\/www.facebook.com\/gpsoftwarefrance\/","https:\/\/twitter.com\/GPSoftware","https:\/\/fr.linkedin.com\/company\/gp-software","https:\/\/www.youtube.com\/user\/GPSoftwareSociety"]}]}},"_links":{"self":[{"href":"https:\/\/www.gpsoftware.fr\/en\/wp-json\/wp\/v2\/pages\/13145","targetHints":{"allow":["GET"]}}],"collection":[{"href":"https:\/\/www.gpsoftware.fr\/en\/wp-json\/wp\/v2\/pages"}],"about":[{"href":"https:\/\/www.gpsoftware.fr\/en\/wp-json\/wp\/v2\/types\/page"}],"author":[{"embeddable":true,"href":"https:\/\/www.gpsoftware.fr\/en\/wp-json\/wp\/v2\/users\/1"}],"replies":[{"embeddable":true,"href":"https:\/\/www.gpsoftware.fr\/en\/wp-json\/wp\/v2\/comments?post=13145"}],"version-history":[{"count":0,"href":"https:\/\/www.gpsoftware.fr\/en\/wp-json\/wp\/v2\/pages\/13145\/revisions"}],"wp:attachment":[{"href":"https:\/\/www.gpsoftware.fr\/en\/wp-json\/wp\/v2\/media?parent=13145"}],"curies":[{"name":"wp","href":"https:\/\/api.w.org\/{rel}","templated":true}]}}